{"id":8,"date":"2024-07-27T14:29:23","date_gmt":"2024-07-27T14:29:23","guid":{"rendered":"https:\/\/sarkdent.com\/?page_id=8"},"modified":"2024-08-19T08:54:17","modified_gmt":"2024-08-19T08:54:17","slug":"hakkinda","status":"publish","type":"page","link":"https:\/\/sarkdent.com\/?page_id=8","title":{"rendered":"Klini\u011fimiz"},"content":{"rendered":"\n<p>\u015earkDent A\u011f\u0131z ve Di\u015f Sa\u011fl\u0131\u011f\u0131 Poliklini\u011fi Erzurum<\/p>\n\n\n\n<p>&#8221; Her g\u00fcl\u00fcmseme bir hikaye anlat\u0131r &#8221; slogan\u0131 ile \u00e7\u0131kt\u0131\u011f\u0131m\u0131z bu yolda, sekt\u00f6rdeki tecr\u00fcbemiz, alan\u0131nda uzman hekim kadromuz, g\u00fcler y\u00fczl\u00fc \u00e7al\u0131\u015fanlar\u0131m\u0131z, son teknoloji cihazlar\u0131m\u0131z, hijyenik tedavi ortam\u0131m\u0131z ve kaliteli hizmet anlay\u0131\u015f\u0131m\u0131z ile Erzurum&#8217;un en iyi di\u015f klini\u011fi olarak hizmetinizdeyiz.<\/p>\n\n\n\n<figure class=\"wp-block-gallery has-nested-images columns-default is-cropped wp-block-gallery-1 is-layout-flex wp-block-gallery-is-layout-flex\">\n<figure class=\"wp-block-image size-large\"><img loading=\"lazy\" decoding=\"async\" width=\"1024\" height=\"576\" data-id=\"55\" src=\"https:\/\/sarkdent.com\/wp-content\/uploads\/2024\/07\/392741456_122121766550036880_4355371285556890235_n-1-1024x576.jpg\" alt=\"\" class=\"wp-image-55\" srcset=\"https:\/\/sarkdent.com\/wp-content\/uploads\/2024\/07\/392741456_122121766550036880_4355371285556890235_n-1-1024x576.jpg 1024w, https:\/\/sarkdent.com\/wp-content\/uploads\/2024\/07\/392741456_122121766550036880_4355371285556890235_n-1-300x169.jpg 300w, https:\/\/sarkdent.com\/wp-content\/uploads\/2024\/07\/392741456_122121766550036880_4355371285556890235_n-1-768x432.jpg 768w, https:\/\/sarkdent.com\/wp-content\/uploads\/2024\/07\/392741456_122121766550036880_4355371285556890235_n-1-1536x864.jpg 1536w, https:\/\/sarkdent.com\/wp-content\/uploads\/2024\/07\/392741456_122121766550036880_4355371285556890235_n-1.jpg 2048w\" sizes=\"auto, (max-width: 1024px) 100vw, 1024px\" \/><\/figure>\n<\/figure>\n\n\n\n<figure class=\"wp-block-gallery has-nested-images columns-default is-cropped wp-block-gallery-2 is-layout-flex wp-block-gallery-is-layout-flex\">\n<figure class=\"wp-block-image size-large is-style-rounded\"><img loading=\"lazy\" decoding=\"async\" width=\"765\" height=\"1020\" data-id=\"227\" src=\"https:\/\/sarkdent.com\/wp-content\/uploads\/2024\/08\/2024-06-15-1.jpg\" alt=\"\" class=\"wp-image-227\" srcset=\"https:\/\/sarkdent.com\/wp-content\/uploads\/2024\/08\/2024-06-15-1.jpg 765w, https:\/\/sarkdent.com\/wp-content\/uploads\/2024\/08\/2024-06-15-1-225x300.jpg 225w\" sizes=\"auto, (max-width: 765px) 100vw, 765px\" \/><\/figure>\n\n\n\n<figure class=\"wp-block-image size-large is-style-rounded\"><img loading=\"lazy\" decoding=\"async\" width=\"765\" height=\"1020\" data-id=\"236\" src=\"https:\/\/sarkdent.com\/wp-content\/uploads\/2024\/08\/2024-06-15.jpg\" alt=\"\" class=\"wp-image-236\" srcset=\"https:\/\/sarkdent.com\/wp-content\/uploads\/2024\/08\/2024-06-15.jpg 765w, https:\/\/sarkdent.com\/wp-content\/uploads\/2024\/08\/2024-06-15-225x300.jpg 225w\" sizes=\"auto, (max-width: 765px) 100vw, 765px\" \/><\/figure>\n\n\n\n<figure class=\"wp-block-image size-large is-style-rounded\"><img loading=\"lazy\" decoding=\"async\" width=\"765\" height=\"1020\" data-id=\"232\" src=\"https:\/\/sarkdent.com\/wp-content\/uploads\/2024\/08\/2024-06-15-6.jpg\" alt=\"\" class=\"wp-image-232\" srcset=\"https:\/\/sarkdent.com\/wp-content\/uploads\/2024\/08\/2024-06-15-6.jpg 765w, https:\/\/sarkdent.com\/wp-content\/uploads\/2024\/08\/2024-06-15-6-225x300.jpg 225w\" sizes=\"auto, (max-width: 765px) 100vw, 765px\" \/><\/figure>\n\n\n\n<figure class=\"wp-block-image size-large is-style-rounded\"><img loading=\"lazy\" decoding=\"async\" width=\"765\" height=\"1020\" data-id=\"231\" src=\"https:\/\/sarkdent.com\/wp-content\/uploads\/2024\/08\/2024-06-15-5.jpg\" alt=\"\" class=\"wp-image-231\" srcset=\"https:\/\/sarkdent.com\/wp-content\/uploads\/2024\/08\/2024-06-15-5.jpg 765w, https:\/\/sarkdent.com\/wp-content\/uploads\/2024\/08\/2024-06-15-5-225x300.jpg 225w\" sizes=\"auto, (max-width: 765px) 100vw, 765px\" \/><\/figure>\n\n\n\n<figure class=\"wp-block-image size-large is-style-rounded\"><img loading=\"lazy\" decoding=\"async\" width=\"765\" height=\"1020\" data-id=\"233\" src=\"https:\/\/sarkdent.com\/wp-content\/uploads\/2024\/08\/2024-06-15-7.jpg\" alt=\"\" class=\"wp-image-233\" srcset=\"https:\/\/sarkdent.com\/wp-content\/uploads\/2024\/08\/2024-06-15-7.jpg 765w, https:\/\/sarkdent.com\/wp-content\/uploads\/2024\/08\/2024-06-15-7-225x300.jpg 225w\" sizes=\"auto, (max-width: 765px) 100vw, 765px\" \/><\/figure>\n\n\n\n<figure class=\"wp-block-image size-large is-style-rounded\"><img loading=\"lazy\" decoding=\"async\" width=\"765\" height=\"1020\" data-id=\"228\" src=\"https:\/\/sarkdent.com\/wp-content\/uploads\/2024\/08\/2024-06-15-2.jpg\" alt=\"\" class=\"wp-image-228\" srcset=\"https:\/\/sarkdent.com\/wp-content\/uploads\/2024\/08\/2024-06-15-2.jpg 765w, https:\/\/sarkdent.com\/wp-content\/uploads\/2024\/08\/2024-06-15-2-225x300.jpg 225w\" sizes=\"auto, (max-width: 765px) 100vw, 765px\" \/><\/figure>\n\n\n\n<figure class=\"wp-block-image size-large is-style-rounded\"><img loading=\"lazy\" decoding=\"async\" width=\"765\" height=\"1020\" data-id=\"235\" src=\"https:\/\/sarkdent.com\/wp-content\/uploads\/2024\/08\/2024-06-15-9.jpg\" alt=\"\" class=\"wp-image-235\" srcset=\"https:\/\/sarkdent.com\/wp-content\/uploads\/2024\/08\/2024-06-15-9.jpg 765w, https:\/\/sarkdent.com\/wp-content\/uploads\/2024\/08\/2024-06-15-9-225x300.jpg 225w\" sizes=\"auto, (max-width: 765px) 100vw, 765px\" \/><\/figure>\n\n\n\n<figure class=\"wp-block-image size-large is-style-rounded\"><img loading=\"lazy\" decoding=\"async\" width=\"765\" height=\"1020\" data-id=\"229\" src=\"https:\/\/sarkdent.com\/wp-content\/uploads\/2024\/08\/2024-06-15-3.jpg\" alt=\"\" class=\"wp-image-229\" srcset=\"https:\/\/sarkdent.com\/wp-content\/uploads\/2024\/08\/2024-06-15-3.jpg 765w, https:\/\/sarkdent.com\/wp-content\/uploads\/2024\/08\/2024-06-15-3-225x300.jpg 225w\" sizes=\"auto, (max-width: 765px) 100vw, 765px\" \/><\/figure>\n\n\n\n<figure class=\"wp-block-image size-large is-style-rounded\"><img loading=\"lazy\" decoding=\"async\" width=\"765\" height=\"1020\" data-id=\"230\" src=\"https:\/\/sarkdent.com\/wp-content\/uploads\/2024\/08\/2024-06-15-4.jpg\" alt=\"\u015earkDent Klinik\" class=\"wp-image-230\" srcset=\"https:\/\/sarkdent.com\/wp-content\/uploads\/2024\/08\/2024-06-15-4.jpg 765w, https:\/\/sarkdent.com\/wp-content\/uploads\/2024\/08\/2024-06-15-4-225x300.jpg 225w\" sizes=\"auto, (max-width: 765px) 100vw, 765px\" \/><\/figure>\n<\/figure>\n","protected":false},"excerpt":{"rendered":"<p>\u015earkDent A\u011f\u0131z ve Di\u015f Sa\u011fl\u0131\u011f\u0131 Poliklini\u011fi Erzurum &#8221; Her g\u00fcl\u00fcmseme bir hikaye anlat\u0131r &#8221; slogan\u0131 ile \u00e7\u0131kt\u0131\u011f\u0131m\u0131z bu yolda, sekt\u00f6rdeki tecr\u00fcbemiz, alan\u0131nda uzman hekim kadromuz, g\u00fcler y\u00fczl\u00fc \u00e7al\u0131\u015fanlar\u0131m\u0131z, son teknoloji cihazlar\u0131m\u0131z, hijyenik tedavi ortam\u0131m\u0131z ve kaliteli hizmet anlay\u0131\u015f\u0131m\u0131z ile Erzurum&#8217;un en iyi di\u015f klini\u011fi olarak hizmetinizdeyiz.<\/p>\n","protected":false},"author":1,"featured_media":0,"parent":0,"menu_order":0,"comment_status":"closed","ping_status":"closed","template":"","meta":{"footnotes":""},"class_list":["post-8","page","type-page","status-publish","hentry"],"_links":{"self":[{"href":"https:\/\/sarkdent.com\/index.php?rest_route=\/wp\/v2\/pages\/8","targetHints":{"allow":["GET"]}}],"collection":[{"href":"https:\/\/sarkdent.com\/index.php?rest_route=\/wp\/v2\/pages"}],"about":[{"href":"https:\/\/sarkdent.com\/index.php?rest_route=\/wp\/v2\/types\/page"}],"author":[{"embeddable":true,"href":"https:\/\/sarkdent.com\/index.php?rest_route=\/wp\/v2\/users\/1"}],"replies":[{"embeddable":true,"href":"https:\/\/sarkdent.com\/index.php?rest_route=%2Fwp%2Fv2%2Fcomments&post=8"}],"version-history":[{"count":5,"href":"https:\/\/sarkdent.com\/index.php?rest_route=\/wp\/v2\/pages\/8\/revisions"}],"predecessor-version":[{"id":292,"href":"https:\/\/sarkdent.com\/index.php?rest_route=\/wp\/v2\/pages\/8\/revisions\/292"}],"wp:attachment":[{"href":"https:\/\/sarkdent.com\/index.php?rest_route=%2Fwp%2Fv2%2Fmedia&parent=8"}],"curies":[{"name":"wp","href":"https:\/\/api.w.org\/{rel}","templated":true}]}}