{"id":28,"date":"2024-07-27T14:40:31","date_gmt":"2024-07-27T14:40:31","guid":{"rendered":"https:\/\/sarkdent.com\/?page_id=28"},"modified":"2024-08-02T09:26:25","modified_gmt":"2024-08-02T09:26:25","slug":"implant","status":"publish","type":"page","link":"https:\/\/sarkdent.com\/?page_id=28","title":{"rendered":"\u0130mplant"},"content":{"rendered":"\n<p><strong>\u0130mplant Tedavisi<\/strong><br><\/p>\n\n\n\n<div class=\"wp-block-media-text is-stacked-on-mobile\" style=\"grid-template-columns:40% auto\"><figure class=\"wp-block-media-text__media\"><img loading=\"lazy\" decoding=\"async\" width=\"900\" height=\"525\" src=\"https:\/\/sarkdent.com\/wp-content\/uploads\/2024\/07\/implant-tedavisi-nasil-yapilir.jpg\" alt=\"\" class=\"wp-image-151 size-full\" srcset=\"https:\/\/sarkdent.com\/wp-content\/uploads\/2024\/07\/implant-tedavisi-nasil-yapilir.jpg 900w, https:\/\/sarkdent.com\/wp-content\/uploads\/2024\/07\/implant-tedavisi-nasil-yapilir-300x175.jpg 300w, https:\/\/sarkdent.com\/wp-content\/uploads\/2024\/07\/implant-tedavisi-nasil-yapilir-768x448.jpg 768w\" sizes=\"auto, (max-width: 900px) 100vw, 900px\" \/><\/figure><div class=\"wp-block-media-text__content\">\n<p class=\"has-medium-font-size\">\u0130mplant, di\u015f eksikliklerinin tamamlanmas\u0131 ve do\u011fal di\u015fe en yak\u0131n \u00e7\u00f6z\u00fcmlerin \u00fcretilmesi amac\u0131yla cerrah di\u015f hekimleri taraf\u0131ndan uygulanan bir tedavi y\u00f6ntemidir. Gerek \u00e7i\u011fneme hissinin do\u011fala en yak\u0131n olmas\u0131, gerekse di\u011fer di\u015flere m\u00fcdahale etmeden tedavi imk\u00e2n\u0131 yaratmas\u0131; ya\u015fad\u0131\u011f\u0131m\u0131z y\u00fczy\u0131lda implant i\u00e7eren y\u00f6ntemleri, en \u00e7ok uygulanan tedavi y\u00f6ntemlerinden biri haline getirmi\u015ftir.<\/p>\n<\/div><\/div>\n\n\n\n<p>\u0130mplant di\u015f nedir?<br>Halk aras\u0131nda vidal\u0131 di\u015f olarak da bilinen dental implantlar di\u015f eksikli\u011fini ortadan kald\u0131rmak i\u00e7in \u00e7ene kemi\u011finin i\u00e7erisine yerle\u015ftirilen ve titanyumdan \u00fcretilen yapay di\u015f k\u00f6k\u00fcd\u00fcr. \u0130mplant, do\u011fal di\u015flerin fonksiyon ve esteti\u011fini sa\u011flayan en iyi alternatiftir. Di\u015f kayb\u0131 ile ortaya \u00e7\u0131kan \u00f6nemli sorunlardan biri olan \u00e7ene kemi\u011findeki erimenin durdurulmas\u0131 bug\u00fcn i\u00e7in ancak implantlarla sa\u011flanabilmektedir. \u0130mplantlar, geleneksel kaplama ve protezlere g\u00f6re daha iyi konu\u015fma ve \u00e7i\u011fneme fonksiyonu sa\u011flarken do\u011fal bir g\u00f6r\u00fcn\u00fcm\u00fc de beraberinde etirmektedir.<br>\u0130mplant di\u015f yap\u0131labilmesi i\u00e7in gerekli kriterler neler?<br>\u00c7ene kemi\u011finin yeterli kal\u0131nl\u0131kta ve y\u00fckseklikte oldu\u011fu durumlarda implant hemen yap\u0131labilir. \u00c7ene kemi\u011finin yeterli olmad\u0131\u011f\u0131 durumlarda ise bu b\u00f6lgeye \u00e7e\u015fitli i\u015flemler uygulanarak kemik implanta uygun hale getirilir. Hastalar\u0131n operasyon sonras\u0131 a\u011f\u0131z hijyenine dikkat etmeleri gerekmektedir.<br>\u0130mplant di\u015f i\u00e7in herhangi bir ya\u015f s\u0131n\u0131rlamas\u0131 var m\u0131d\u0131r?<br>\u0130mplant di\u015f i\u00e7in \u00fcst ya\u015f s\u0131n\u0131rlamas\u0131 yoktur. B\u00fcy\u00fcme ve geli\u015fimini tamamlamam\u0131\u015f \u00e7ocuklarda ve gen\u00e7lerde ise tercih edilmemektedir.<br>\u0130mplant di\u015f yerle\u015ftirirken a\u011fr\u0131 hissedilir mi?<br>\u0130mplant di\u015f yerle\u015ftirme i\u015flemi lokal anestezi alt\u0131nda ger\u00e7ekle\u015ftirildi\u011fi i\u00e7in a\u011fr\u0131 hissedilmesi s\u00f6z konusu de\u011fildir. Operasyon \u00f6ncesi rutin olarak lokal anestezi tercih edilmesine ra\u011fmen hastan\u0131n tercihi ve hekimin uygun g\u00f6rmesi durumlar\u0131nda genel anestezi de kullan\u0131lmaktad\u0131r. \u0130\u015flemin ger\u00e7ekle\u015ftirildi\u011fi ilk g\u00fcn \u00e7ok az a\u011fr\u0131 hissedilebilir. Bu a\u011fr\u0131 hekimin uygun g\u00f6rd\u00fc\u011f\u00fc bir a\u011fr\u0131 kesiciyle kolayca ge\u00e7ecek seviyedir.<\/p>\n\n\n\n<p>Klini\u011fimizde implant tedavisi uzman hekimlerimiz taraf\u0131ndan uygulanmaktad\u0131r. <\/p>\n\n\n\n<p>G\u00fcl\u00fc\u015f\u00fcn\u00fcz\u00fc tasarlayal\u0131m..<\/p>\n\n\n\n<p class=\"has-small-font-size\">Erzurum implant merkezi \u015earkDent A\u011f\u0131z ve Di\u015f Sa\u011fl\u0131\u011f\u0131 Poliklini\u011fi<\/p>\n","protected":false},"excerpt":{"rendered":"<p>\u0130mplant Tedavisi \u0130mplant, di\u015f eksikliklerinin tamamlanmas\u0131 ve do\u011fal di\u015fe en yak\u0131n \u00e7\u00f6z\u00fcmlerin \u00fcretilmesi amac\u0131yla cerrah di\u015f hekimleri taraf\u0131ndan uygulanan bir tedavi y\u00f6ntemidir. Gerek \u00e7i\u011fneme hissinin do\u011fala en yak\u0131n olmas\u0131, gerekse di\u011fer di\u015flere m\u00fcdahale etmeden tedavi imk\u00e2n\u0131 yaratmas\u0131; ya\u015fad\u0131\u011f\u0131m\u0131z y\u00fczy\u0131lda implant i\u00e7eren y\u00f6ntemleri, en \u00e7ok uygulanan tedavi y\u00f6ntemlerinden biri haline getirmi\u015ftir. \u0130mplant di\u015f nedir?Halk aras\u0131nda vidal\u0131 [&hellip;]<\/p>\n","protected":false},"author":1,"featured_media":0,"parent":0,"menu_order":0,"comment_status":"closed","ping_status":"closed","template":"","meta":{"footnotes":""},"class_list":["post-28","page","type-page","status-publish","hentry"],"_links":{"self":[{"href":"https:\/\/sarkdent.com\/index.php?rest_route=\/wp\/v2\/pages\/28","targetHints":{"allow":["GET"]}}],"collection":[{"href":"https:\/\/sarkdent.com\/index.php?rest_route=\/wp\/v2\/pages"}],"about":[{"href":"https:\/\/sarkdent.com\/index.php?rest_route=\/wp\/v2\/types\/page"}],"author":[{"embeddable":true,"href":"https:\/\/sarkdent.com\/index.php?rest_route=\/wp\/v2\/users\/1"}],"replies":[{"embeddable":true,"href":"https:\/\/sarkdent.com\/index.php?rest_route=%2Fwp%2Fv2%2Fcomments&post=28"}],"version-history":[{"count":6,"href":"https:\/\/sarkdent.com\/index.php?rest_route=\/wp\/v2\/pages\/28\/revisions"}],"predecessor-version":[{"id":219,"href":"https:\/\/sarkdent.com\/index.php?rest_route=\/wp\/v2\/pages\/28\/revisions\/219"}],"wp:attachment":[{"href":"https:\/\/sarkdent.com\/index.php?rest_route=%2Fwp%2Fv2%2Fmedia&parent=28"}],"curies":[{"name":"wp","href":"https:\/\/api.w.org\/{rel}","templated":true}]}}