{"id":258,"date":"2024-08-03T13:36:35","date_gmt":"2024-08-03T13:36:35","guid":{"rendered":"https:\/\/sarkdent.com\/?page_id=258"},"modified":"2024-08-03T14:34:13","modified_gmt":"2024-08-03T14:34:13","slug":"randevu","status":"publish","type":"page","link":"https:\/\/sarkdent.com\/?page_id=258","title":{"rendered":"Randevu"},"content":{"rendered":"\n<div class=\"wp-block-columns is-layout-flex wp-container-core-columns-is-layout-9d6595d7 wp-block-columns-is-layout-flex\">\n<div class=\"wp-block-column is-layout-flow wp-block-column-is-layout-flow\">\n<figure class=\"wp-block-image size-large\"><a href=\"https:\/\/klinik.medicasimple.com\/randevu?c=\u015farkdent a\u011fiz ve di\u0307\u015f sa\u011fli\u011fi poli\u0307kli\u0307ni\u0307\u011fi\u0307&amp;s=01&amp;l=tr\" target=\"_blank\" rel=\"noreferrer noopener\"><img loading=\"lazy\" decoding=\"async\" width=\"721\" height=\"1024\" src=\"https:\/\/sarkdent.com\/wp-content\/uploads\/2024\/08\/1-1-721x1024.png\" alt=\"\" class=\"wp-image-265\" srcset=\"https:\/\/sarkdent.com\/wp-content\/uploads\/2024\/08\/1-1-721x1024.png 721w, https:\/\/sarkdent.com\/wp-content\/uploads\/2024\/08\/1-1-211x300.png 211w, https:\/\/sarkdent.com\/wp-content\/uploads\/2024\/08\/1-1-768x1090.png 768w, https:\/\/sarkdent.com\/wp-content\/uploads\/2024\/08\/1-1-1082x1536.png 1082w, https:\/\/sarkdent.com\/wp-content\/uploads\/2024\/08\/1-1.png 1409w\" sizes=\"auto, (max-width: 721px) 100vw, 721px\" \/><\/a><\/figure>\n<\/div>\n\n\n\n<div class=\"wp-block-column is-layout-flow wp-block-column-is-layout-flow\">\n<figure class=\"wp-block-image size-large\"><a href=\"https:\/\/wa.me\/5415029000\"><img loading=\"lazy\" decoding=\"async\" width=\"721\" height=\"1024\" src=\"https:\/\/sarkdent.com\/wp-content\/uploads\/2024\/08\/2-721x1024.png\" alt=\"\" class=\"wp-image-263\" srcset=\"https:\/\/sarkdent.com\/wp-content\/uploads\/2024\/08\/2-721x1024.png 721w, https:\/\/sarkdent.com\/wp-content\/uploads\/2024\/08\/2-211x300.png 211w, https:\/\/sarkdent.com\/wp-content\/uploads\/2024\/08\/2-768x1090.png 768w, https:\/\/sarkdent.com\/wp-content\/uploads\/2024\/08\/2-1082x1536.png 1082w, https:\/\/sarkdent.com\/wp-content\/uploads\/2024\/08\/2.png 1409w\" sizes=\"auto, (max-width: 721px) 100vw, 721px\" \/><\/a><\/figure>\n<\/div>\n\n\n\n<div class=\"wp-block-column is-layout-flow wp-block-column-is-layout-flow\">\n<figure class=\"wp-block-image size-large\"><a href=\"tel:+904425029000\"><img loading=\"lazy\" decoding=\"async\" width=\"721\" height=\"1024\" src=\"https:\/\/sarkdent.com\/wp-content\/uploads\/2024\/08\/3-721x1024.png\" alt=\"\" class=\"wp-image-266\" srcset=\"https:\/\/sarkdent.com\/wp-content\/uploads\/2024\/08\/3-721x1024.png 721w, https:\/\/sarkdent.com\/wp-content\/uploads\/2024\/08\/3-211x300.png 211w, https:\/\/sarkdent.com\/wp-content\/uploads\/2024\/08\/3-768x1090.png 768w, https:\/\/sarkdent.com\/wp-content\/uploads\/2024\/08\/3-1082x1536.png 1082w, https:\/\/sarkdent.com\/wp-content\/uploads\/2024\/08\/3.png 1409w\" sizes=\"auto, (max-width: 721px) 100vw, 721px\" \/><\/a><\/figure>\n<\/div>\n<\/div>\n\n\n\n<p><\/p>\n","protected":false},"excerpt":{"rendered":"","protected":false},"author":1,"featured_media":0,"parent":0,"menu_order":0,"comment_status":"closed","ping_status":"closed","template":"","meta":{"footnotes":""},"class_list":["post-258","page","type-page","status-publish","hentry"],"_links":{"self":[{"href":"https:\/\/sarkdent.com\/index.php?rest_route=\/wp\/v2\/pages\/258","targetHints":{"allow":["GET"]}}],"collection":[{"href":"https:\/\/sarkdent.com\/index.php?rest_route=\/wp\/v2\/pages"}],"about":[{"href":"https:\/\/sarkdent.com\/index.php?rest_route=\/wp\/v2\/types\/page"}],"author":[{"embeddable":true,"href":"https:\/\/sarkdent.com\/index.php?rest_route=\/wp\/v2\/users\/1"}],"replies":[{"embeddable":true,"href":"https:\/\/sarkdent.com\/index.php?rest_route=%2Fwp%2Fv2%2Fcomments&post=258"}],"version-history":[{"count":5,"href":"https:\/\/sarkdent.com\/index.php?rest_route=\/wp\/v2\/pages\/258\/revisions"}],"predecessor-version":[{"id":272,"href":"https:\/\/sarkdent.com\/index.php?rest_route=\/wp\/v2\/pages\/258\/revisions\/272"}],"wp:attachment":[{"href":"https:\/\/sarkdent.com\/index.php?rest_route=%2Fwp%2Fv2%2Fmedia&parent=258"}],"curies":[{"name":"wp","href":"https:\/\/api.w.org\/{rel}","templated":true}]}}