{"id":182,"date":"2024-07-29T16:00:32","date_gmt":"2024-07-29T16:00:32","guid":{"rendered":"https:\/\/sarkdent.com\/?page_id=182"},"modified":"2024-08-02T09:25:48","modified_gmt":"2024-08-02T09:25:48","slug":"dis-beyazlatma-bleaching","status":"publish","type":"page","link":"https:\/\/sarkdent.com\/?page_id=182","title":{"rendered":"Di\u015f Beyazlatma (Bleaching)"},"content":{"rendered":"\n<div class=\"wp-block-media-text is-stacked-on-mobile\"><figure class=\"wp-block-media-text__media\"><img loading=\"lazy\" decoding=\"async\" width=\"1024\" height=\"683\" src=\"https:\/\/sarkdent.com\/wp-content\/uploads\/2024\/07\/dis-beyazlatma-bleaching-islemi.jpg\" alt=\"\" class=\"wp-image-157 size-full\" srcset=\"https:\/\/sarkdent.com\/wp-content\/uploads\/2024\/07\/dis-beyazlatma-bleaching-islemi.jpg 1024w, https:\/\/sarkdent.com\/wp-content\/uploads\/2024\/07\/dis-beyazlatma-bleaching-islemi-300x200.jpg 300w, https:\/\/sarkdent.com\/wp-content\/uploads\/2024\/07\/dis-beyazlatma-bleaching-islemi-768x512.jpg 768w\" sizes=\"auto, (max-width: 1024px) 100vw, 1024px\" \/><\/figure><div class=\"wp-block-media-text__content\">\n<p><strong>Di\u015f beyazlatma tedavisi<\/strong>, di\u015flerin do\u011fal rengini di\u015fin i\u00e7 yap\u0131s\u0131na uygulanan \u00f6zel jellerle kal\u0131c\u0131 olarak beyazlatma i\u015flemidir. \u0130\u015flem \u00f6ncesi di\u015flerin mevcut rengi ve yap\u0131s\u0131 dikkatle muayene edilerek i\u015flem sonras\u0131 beklenti en ba\u015ftan detayl\u0131 \u015fekilde belirlenir.&nbsp;<em>Bleaching i\u015flemi<\/em>&nbsp;di\u015flerdeki lekeleri, sararmay\u0131 veya renk de\u011fi\u015fikliklerini azaltmay\u0131 hedefler.<\/p>\n\n\n\n<p><\/p>\n<\/div><\/div>\n\n\n\n<p><strong>Bleaching i\u015flemi hangi durumlarda gereklidir:<\/strong><\/p>\n\n\n\n<ul class=\"wp-block-list\">\n<li>Kad\u0131nlarda do\u011fum sonras\u0131<\/li>\n\n\n\n<li>Antibiyotik kullan\u0131m\u0131 sonras\u0131<\/li>\n\n\n\n<li>Yo\u011fun miktarda \u00e7ay-kahve t\u00fcketimi<\/li>\n\n\n\n<li>\u00c7ok tatl\u0131 ve asitli yiyecek i\u00e7ecek t\u00fcketimi<\/li>\n\n\n\n<li>T\u00fct\u00fcn \u00fcr\u00fcnleri t\u00fcketimi<\/li>\n<\/ul>\n\n\n\n<p>Bu ve benzeri durumlar\u0131n sonucunda di\u015flerde d\u0131\u015fsal renklenmeler g\u00f6r\u00fclebilir. Bleaching i\u015flemi sayesinde sararma sorununun \u00f6n\u00fcne ge\u00e7ilmektedir.<\/p>\n\n\n\n<p>Klini\u011fimizde di\u015f beyazlatma (bleaching) tedavisi uzman hekimlerimiz taraf\u0131ndan yap\u0131lmaktad\u0131r.<\/p>\n\n\n\n<p>G\u00fcl\u00fc\u015f\u00fcn\u00fcz\u00fc tasarlayal\u0131m..<\/p>\n\n\n\n<p class=\"has-small-font-size\">Erzurum di\u015f beyazlatma (bleaching) merkezi \u015earkDent A\u011f\u0131z ve Di\u015f Sa\u011fl\u0131\u011f\u0131 Poliklini\u011fi<\/p>\n","protected":false},"excerpt":{"rendered":"<p>Di\u015f beyazlatma tedavisi, di\u015flerin do\u011fal rengini di\u015fin i\u00e7 yap\u0131s\u0131na uygulanan \u00f6zel jellerle kal\u0131c\u0131 olarak beyazlatma i\u015flemidir. \u0130\u015flem \u00f6ncesi di\u015flerin mevcut rengi ve yap\u0131s\u0131 dikkatle muayene edilerek i\u015flem sonras\u0131 beklenti en ba\u015ftan detayl\u0131 \u015fekilde belirlenir.&nbsp;Bleaching i\u015flemi&nbsp;di\u015flerdeki lekeleri, sararmay\u0131 veya renk de\u011fi\u015fikliklerini azaltmay\u0131 hedefler. Bleaching i\u015flemi hangi durumlarda gereklidir: Bu ve benzeri durumlar\u0131n sonucunda di\u015flerde d\u0131\u015fsal renklenmeler [&hellip;]<\/p>\n","protected":false},"author":1,"featured_media":0,"parent":0,"menu_order":0,"comment_status":"closed","ping_status":"closed","template":"","meta":{"footnotes":""},"class_list":["post-182","page","type-page","status-publish","hentry"],"_links":{"self":[{"href":"https:\/\/sarkdent.com\/index.php?rest_route=\/wp\/v2\/pages\/182","targetHints":{"allow":["GET"]}}],"collection":[{"href":"https:\/\/sarkdent.com\/index.php?rest_route=\/wp\/v2\/pages"}],"about":[{"href":"https:\/\/sarkdent.com\/index.php?rest_route=\/wp\/v2\/types\/page"}],"author":[{"embeddable":true,"href":"https:\/\/sarkdent.com\/index.php?rest_route=\/wp\/v2\/users\/1"}],"replies":[{"embeddable":true,"href":"https:\/\/sarkdent.com\/index.php?rest_route=%2Fwp%2Fv2%2Fcomments&post=182"}],"version-history":[{"count":3,"href":"https:\/\/sarkdent.com\/index.php?rest_route=\/wp\/v2\/pages\/182\/revisions"}],"predecessor-version":[{"id":218,"href":"https:\/\/sarkdent.com\/index.php?rest_route=\/wp\/v2\/pages\/182\/revisions\/218"}],"wp:attachment":[{"href":"https:\/\/sarkdent.com\/index.php?rest_route=%2Fwp%2Fv2%2Fmedia&parent=182"}],"curies":[{"name":"wp","href":"https:\/\/api.w.org\/{rel}","templated":true}]}}