{"id":179,"date":"2024-07-29T15:57:28","date_gmt":"2024-07-29T15:57:28","guid":{"rendered":"https:\/\/sarkdent.com\/?page_id=179"},"modified":"2024-08-02T09:24:48","modified_gmt":"2024-08-02T09:24:48","slug":"kanal-tedavisi-endodonti","status":"publish","type":"page","link":"https:\/\/sarkdent.com\/?page_id=179","title":{"rendered":"Kanal Tedavisi (Endodonti)"},"content":{"rendered":"\n<div class=\"wp-block-media-text is-stacked-on-mobile\"><figure class=\"wp-block-media-text__media\"><img loading=\"lazy\" decoding=\"async\" width=\"900\" height=\"525\" src=\"https:\/\/sarkdent.com\/wp-content\/uploads\/2024\/07\/kanal-tedavisi-nasil-yapilir.jpg\" alt=\"\" class=\"wp-image-158 size-full\" srcset=\"https:\/\/sarkdent.com\/wp-content\/uploads\/2024\/07\/kanal-tedavisi-nasil-yapilir.jpg 900w, https:\/\/sarkdent.com\/wp-content\/uploads\/2024\/07\/kanal-tedavisi-nasil-yapilir-300x175.jpg 300w, https:\/\/sarkdent.com\/wp-content\/uploads\/2024\/07\/kanal-tedavisi-nasil-yapilir-768x448.jpg 768w\" sizes=\"auto, (max-width: 900px) 100vw, 900px\" \/><\/figure><div class=\"wp-block-media-text__content\">\n<p>Kanal tedavisi, \u00e7\u00fcr\u00fcm\u00fc\u015f ya da enfekte olmu\u015f di\u015fin hasarl\u0131 k\u0131sm\u0131n\u0131n \u00e7\u0131kar\u0131larak kurtar\u0131lmas\u0131n\u0131 sa\u011flayan bir tedavi t\u00fcr\u00fcd\u00fcr. Kanal tedavisinde di\u015fin hasarl\u0131 k\u0131sm\u0131 \u00e7\u0131kar\u0131l\u0131r ve di\u015f dezenfekte edilerek tedavi edilir.<br>Kanal Tedavisi Nedir?<br>Di\u015f minelerinde olu\u015fan \u00e7\u00fcr\u00fckler tedavi edilmedi\u011fi takdirde mine tabakas\u0131n\u0131n alt\u0131nda bulunan katman olan dentin tabakas\u0131na do\u011fru ilerler. Dentin tabakas\u0131 ise a\u011fr\u0131 yoluyla uyar\u0131 sa\u011flar. Di\u015f a\u011fr\u0131s\u0131na ra\u011fmen \u00e7\u00fcr\u00fck tedavi edilmezse mikroorganizmalar pulpaya do\u011fru ilerler. Uyar\u0131lara ra\u011fmen di\u015f tedavisi yap\u0131lmazsa mikroorganizmalar damar ve sinirleri uyararak iltihap olu\u015fmas\u0131na sebep olur. Bu nedenle \u00e7\u00fcr\u00fcm\u00fc\u015f ve hasar alm\u0131\u015f di\u015fin tedavisi i\u00e7in kanal tedavi yap\u0131l\u0131r.<\/p>\n\n\n\n<p><\/p>\n<\/div><\/div>\n\n\n\n<p>Klini\u011fimizde kanal tedavisi uzman hekimlerimiz taraf\u0131ndan yap\u0131lmaktad\u0131r.<\/p>\n\n\n\n<p>G\u00fcl\u00fc\u015f\u00fcn\u00fcz\u00fc tasarlayal\u0131m..<\/p>\n\n\n\n<p class=\"has-small-font-size\">Erzurum kanal tedavisi (endodonti) merkezi \u015earkDent A\u011f\u0131z ve Di\u015f Sa\u011fl\u0131\u011f\u0131 Poliklini\u011fi<\/p>\n","protected":false},"excerpt":{"rendered":"<p>Kanal tedavisi, \u00e7\u00fcr\u00fcm\u00fc\u015f ya da enfekte olmu\u015f di\u015fin hasarl\u0131 k\u0131sm\u0131n\u0131n \u00e7\u0131kar\u0131larak kurtar\u0131lmas\u0131n\u0131 sa\u011flayan bir tedavi t\u00fcr\u00fcd\u00fcr. Kanal tedavisinde di\u015fin hasarl\u0131 k\u0131sm\u0131 \u00e7\u0131kar\u0131l\u0131r ve di\u015f dezenfekte edilerek tedavi edilir.Kanal Tedavisi Nedir?Di\u015f minelerinde olu\u015fan \u00e7\u00fcr\u00fckler tedavi edilmedi\u011fi takdirde mine tabakas\u0131n\u0131n alt\u0131nda bulunan katman olan dentin tabakas\u0131na do\u011fru ilerler. Dentin tabakas\u0131 ise a\u011fr\u0131 yoluyla uyar\u0131 sa\u011flar. Di\u015f a\u011fr\u0131s\u0131na [&hellip;]<\/p>\n","protected":false},"author":1,"featured_media":0,"parent":0,"menu_order":0,"comment_status":"closed","ping_status":"closed","template":"","meta":{"footnotes":""},"class_list":["post-179","page","type-page","status-publish","hentry"],"_links":{"self":[{"href":"https:\/\/sarkdent.com\/index.php?rest_route=\/wp\/v2\/pages\/179","targetHints":{"allow":["GET"]}}],"collection":[{"href":"https:\/\/sarkdent.com\/index.php?rest_route=\/wp\/v2\/pages"}],"about":[{"href":"https:\/\/sarkdent.com\/index.php?rest_route=\/wp\/v2\/types\/page"}],"author":[{"embeddable":true,"href":"https:\/\/sarkdent.com\/index.php?rest_route=\/wp\/v2\/users\/1"}],"replies":[{"embeddable":true,"href":"https:\/\/sarkdent.com\/index.php?rest_route=%2Fwp%2Fv2%2Fcomments&post=179"}],"version-history":[{"count":3,"href":"https:\/\/sarkdent.com\/index.php?rest_route=\/wp\/v2\/pages\/179\/revisions"}],"predecessor-version":[{"id":216,"href":"https:\/\/sarkdent.com\/index.php?rest_route=\/wp\/v2\/pages\/179\/revisions\/216"}],"wp:attachment":[{"href":"https:\/\/sarkdent.com\/index.php?rest_route=%2Fwp%2Fv2%2Fmedia&parent=179"}],"curies":[{"name":"wp","href":"https:\/\/api.w.org\/{rel}","templated":true}]}}