{"id":172,"date":"2024-07-29T15:54:11","date_gmt":"2024-07-29T15:54:11","guid":{"rendered":"https:\/\/sarkdent.com\/?page_id=172"},"modified":"2024-08-02T09:27:01","modified_gmt":"2024-08-02T09:27:01","slug":"ortodonti-dis-teli","status":"publish","type":"page","link":"https:\/\/sarkdent.com\/?page_id=172","title":{"rendered":"Ortodonti (Di\u015f Teli)"},"content":{"rendered":"\n<div class=\"wp-block-media-text is-stacked-on-mobile\"><figure class=\"wp-block-media-text__media\"><img loading=\"lazy\" decoding=\"async\" width=\"512\" height=\"341\" src=\"https:\/\/sarkdent.com\/wp-content\/uploads\/2024\/07\/ortodonti-tedavisi-nasil-yapilir.jpg\" alt=\"\" class=\"wp-image-153 size-full\" srcset=\"https:\/\/sarkdent.com\/wp-content\/uploads\/2024\/07\/ortodonti-tedavisi-nasil-yapilir.jpg 512w, https:\/\/sarkdent.com\/wp-content\/uploads\/2024\/07\/ortodonti-tedavisi-nasil-yapilir-300x200.jpg 300w\" sizes=\"auto, (max-width: 512px) 100vw, 512px\" \/><\/figure><div class=\"wp-block-media-text__content\">\n<p>Ortodonti Tedavisi<br>Ortodonti, alt ve \u00fcst \u00e7eneler ile di\u015f \u00e7apra\u015f\u0131kl\u0131klar\u0131n\u0131n d\u00fczeltilmesi ile u\u011fra\u015fan bir di\u015f hekimli\u011fi bran\u015f\u0131d\u0131r. Hangi ya\u015fta olursa olsun, tedavi edilmeyen ortodonti problemleri k\u00f6t\u00fcye do\u011fru gider. \u00c7apra\u015f\u0131k ve k\u00f6t\u00fc konumlanm\u0131\u015f di\u015fleri temizlemek daha zor oldu\u011fu i\u00e7in periodontal (di\u015f eti) hastal\u0131klara yakalanma ve di\u015f \u00e7\u00fcr\u00fc\u011f\u00fcne ba\u011fl\u0131 olarak di\u015flerin erken kaybedilmesi riski vard\u0131r. Bunlar\u0131n yan\u0131nda bozuk kapan\u0131\u015flar ve erken di\u015f temaslar\u0131 ise di\u015f y\u00fczeylerinin anormal a\u015f\u0131nmas\u0131na, \u00e7i\u011fneme ve konu\u015fmada zorluklara, di\u015flere gere\u011finden fazla y\u00fck gelmesine, bunun sonucu olarak da k\u00f6k ucu lezyonlar\u0131n\u0131n olu\u015fmas\u0131na, destek kemik ve di\u015f eti dokular\u0131n\u0131n tahribat\u0131na yol a\u00e7ar.<\/p>\n<\/div><\/div>\n\n\n\n<p>\u00c7apra\u015f\u0131k di\u015fler ayn\u0131 zamanda g\u00f6r\u00fcn\u00fc\u015f\u00fc de etkiler. Ortodontik tedavi ile daha sa\u011fl\u0131kl\u0131 bir a\u011f\u0131za, daha estetik bir g\u00f6r\u00fcn\u00fcme ve daha uzun s\u00fcre a\u011f\u0131zda kalacak di\u015flere sahip olunabilir.<br>Ortodontik Tedaviye Ne Zaman Ba\u015flanmal\u0131d\u0131r?<br>K\u00fc\u00e7\u00fck ya\u015fta ba\u015flanan ortodontik tedavilerin hasta ve hekim a\u00e7\u0131s\u0131ndan olumlu sonu\u00e7lar\u0131 olsa da eri\u015fkin ya\u015ftaki insanlara da ortodontik tedavi uygulanmaktad\u0131r. Ortodontik tedavilerin s\u00fcresi vakaya g\u00f6re belirlense de bu s\u00fcre 6 ay ile 36 ay aras\u0131 de\u011fi\u015febilmektedir. Ancak bu s\u00fcre hastan\u0131n b\u00fcy\u00fcme ve geli\u015fim d\u00f6nemine, kapan\u0131\u015f bozuklu\u011funun derecesine, hastan\u0131n a\u011f\u0131z bak\u0131m\u0131na, tedaviye uyumuna, hekim ile uyumuna ba\u011fl\u0131d\u0131r.<br>Ortodontik tedavi ihtiyac\u0131n\u0131 sadece di\u015f hekimi veya ortodontist belirleyebilir. Ortodontik tedavide \u00f6zellikle ge\u00e7 kal\u0131nmamas\u0131 gereken durumlar:<\/p>\n\n\n\n<p>Dengeli olmayan y\u00fcz ve \u00e7ene yap\u0131s\u0131<br>A\u011f\u0131zdan solunum<br>Parmak emme, t\u0131rnak yeme, yanak\/dudak \u0131s\u0131rma gibi k\u00f6t\u00fc al\u0131\u015fkanl\u0131klar<br>Uzun s\u00fcre emzik ve biberon kullanma<br>\u00c7i\u011fneme ve konu\u015fmada zorlanma<br>A\u015f\u0131r\u0131 ileride veya geride konumlanan \u00e7ene yap\u0131lar\u0131<br>\u00d6nde konumlanm\u0131\u015f di\u015fler<br>S\u00fct di\u015flerin erken veya ge\u00e7 kay\u0131plar\u0131<br>Alt ve \u00fcst di\u015flerin hi\u00e7 temas etmemesi veya fazla i\u00e7 i\u00e7e olmas\u0131<\/p>\n\n\n\n<p>Klini\u011fimizde ortodonti tedavisi uzman hekimlerimiz taraf\u0131ndan yap\u0131lmaktad\u0131r.<\/p>\n\n\n\n<p>G\u00fcl\u00fc\u015f\u00fcn\u00fcz\u00fc tasarlayal\u0131m..<\/p>\n\n\n\n<p class=\"has-small-font-size\">Erzurum ortodonti (di\u015f teli) merkezi \u015earkDent A\u011f\u0131z ve Di\u015f Sa\u011fl\u0131\u011f\u0131 Poliklini\u011fi<\/p>\n","protected":false},"excerpt":{"rendered":"<p>Ortodonti TedavisiOrtodonti, alt ve \u00fcst \u00e7eneler ile di\u015f \u00e7apra\u015f\u0131kl\u0131klar\u0131n\u0131n d\u00fczeltilmesi ile u\u011fra\u015fan bir di\u015f hekimli\u011fi bran\u015f\u0131d\u0131r. Hangi ya\u015fta olursa olsun, tedavi edilmeyen ortodonti problemleri k\u00f6t\u00fcye do\u011fru gider. \u00c7apra\u015f\u0131k ve k\u00f6t\u00fc konumlanm\u0131\u015f di\u015fleri temizlemek daha zor oldu\u011fu i\u00e7in periodontal (di\u015f eti) hastal\u0131klara yakalanma ve di\u015f \u00e7\u00fcr\u00fc\u011f\u00fcne ba\u011fl\u0131 olarak di\u015flerin erken kaybedilmesi riski vard\u0131r. Bunlar\u0131n yan\u0131nda bozuk [&hellip;]<\/p>\n","protected":false},"author":1,"featured_media":0,"parent":0,"menu_order":0,"comment_status":"closed","ping_status":"closed","template":"","meta":{"footnotes":""},"class_list":["post-172","page","type-page","status-publish","hentry"],"_links":{"self":[{"href":"https:\/\/sarkdent.com\/index.php?rest_route=\/wp\/v2\/pages\/172","targetHints":{"allow":["GET"]}}],"collection":[{"href":"https:\/\/sarkdent.com\/index.php?rest_route=\/wp\/v2\/pages"}],"about":[{"href":"https:\/\/sarkdent.com\/index.php?rest_route=\/wp\/v2\/types\/page"}],"author":[{"embeddable":true,"href":"https:\/\/sarkdent.com\/index.php?rest_route=\/wp\/v2\/users\/1"}],"replies":[{"embeddable":true,"href":"https:\/\/sarkdent.com\/index.php?rest_route=%2Fwp%2Fv2%2Fcomments&post=172"}],"version-history":[{"count":4,"href":"https:\/\/sarkdent.com\/index.php?rest_route=\/wp\/v2\/pages\/172\/revisions"}],"predecessor-version":[{"id":220,"href":"https:\/\/sarkdent.com\/index.php?rest_route=\/wp\/v2\/pages\/172\/revisions\/220"}],"wp:attachment":[{"href":"https:\/\/sarkdent.com\/index.php?rest_route=%2Fwp%2Fv2%2Fmedia&parent=172"}],"curies":[{"name":"wp","href":"https:\/\/api.w.org\/{rel}","templated":true}]}}