{"id":169,"date":"2024-07-29T15:52:03","date_gmt":"2024-07-29T15:52:03","guid":{"rendered":"https:\/\/sarkdent.com\/?page_id=169"},"modified":"2024-08-02T09:18:56","modified_gmt":"2024-08-02T09:18:56","slug":"seffaf-plak-invisalign","status":"publish","type":"page","link":"https:\/\/sarkdent.com\/?page_id=169","title":{"rendered":"\u015eeffaf Plak (\u0130nvisalign)"},"content":{"rendered":"\n<div class=\"wp-block-media-text is-stacked-on-mobile\" style=\"grid-template-columns:43% auto\"><figure class=\"wp-block-media-text__media\"><img loading=\"lazy\" decoding=\"async\" width=\"1024\" height=\"597\" src=\"https:\/\/sarkdent.com\/wp-content\/uploads\/2024\/07\/seffaf-plak-invisaling-tedavisi-1024x597.jpg\" alt=\"\" class=\"wp-image-152 size-full\" srcset=\"https:\/\/sarkdent.com\/wp-content\/uploads\/2024\/07\/seffaf-plak-invisaling-tedavisi-1024x597.jpg 1024w, https:\/\/sarkdent.com\/wp-content\/uploads\/2024\/07\/seffaf-plak-invisaling-tedavisi-300x175.jpg 300w, https:\/\/sarkdent.com\/wp-content\/uploads\/2024\/07\/seffaf-plak-invisaling-tedavisi-768x448.jpg 768w, https:\/\/sarkdent.com\/wp-content\/uploads\/2024\/07\/seffaf-plak-invisaling-tedavisi.jpg 1200w\" sizes=\"auto, (max-width: 1024px) 100vw, 1024px\" \/><\/figure><div class=\"wp-block-media-text__content\">\n<p>\u015eeffaf plak tedavisi \u00e7apra\u015f\u0131k di\u015flerin d\u00fczeltilmesi, hizalanmas\u0131 i\u00e7in klasik di\u015f teli tedavisine alternatif bir tedavidir. \u015eeffaf plak tedavisi daha konforlu ve estetik bir g\u00f6r\u00fcn\u00fcm sunmas\u0131 y\u00f6n\u00fcyle avantaj sa\u011flamaktad\u0131r. Klini\u011fimizde \u015feffaf plak tedavisi i\u00e7in klasik \u00f6l\u00e7\u00fcler yerine iTero Lumina a\u011f\u0131z i\u00e7i tarama cihaz\u0131 kullan\u0131lmaktad\u0131r. Tamamen dijital olan s\u00fcrecin tad\u0131n\u0131 \u00e7\u0131karmak i\u00e7in ileti\u015fime ge\u00e7ebilirsiniz.<\/p>\n<\/div><\/div>\n\n\n\n<p>Klini\u011fimizde \u015feffaf plak (invisalign) tedavisi uzman hekimlerimiz taraf\u0131ndan uygulanmaktad\u0131r.<\/p>\n\n\n\n<p>G\u00fcl\u00fc\u015f\u00fcn\u00fcz\u00fc tasarlayal\u0131m&#8230;<\/p>\n\n\n\n<p class=\"has-small-font-size\">Erzurum \u015feffaf plak (invisalign) merkezi \u015earkDent A\u011f\u0131z ve Di\u015f Sa\u011fl\u0131\u011f\u0131 Poliklini\u011fi<\/p>\n\n\n\n<p class=\"has-small-font-size\">Do\u011fu Anadolu B\u00f6lgesi \u015feffaf plak (invisalign) merkezi \u015earkDent A\u011f\u0131z ve Di\u015f Sa\u011fl\u0131\u011f\u0131 Poliklini\u011fi<\/p>\n","protected":false},"excerpt":{"rendered":"<p>\u015eeffaf plak tedavisi \u00e7apra\u015f\u0131k di\u015flerin d\u00fczeltilmesi, hizalanmas\u0131 i\u00e7in klasik di\u015f teli tedavisine alternatif bir tedavidir. \u015eeffaf plak tedavisi daha konforlu ve estetik bir g\u00f6r\u00fcn\u00fcm sunmas\u0131 y\u00f6n\u00fcyle avantaj sa\u011flamaktad\u0131r. Klini\u011fimizde \u015feffaf plak tedavisi i\u00e7in klasik \u00f6l\u00e7\u00fcler yerine iTero Lumina a\u011f\u0131z i\u00e7i tarama cihaz\u0131 kullan\u0131lmaktad\u0131r. Tamamen dijital olan s\u00fcrecin tad\u0131n\u0131 \u00e7\u0131karmak i\u00e7in ileti\u015fime ge\u00e7ebilirsiniz. Klini\u011fimizde \u015feffaf plak [&hellip;]<\/p>\n","protected":false},"author":1,"featured_media":0,"parent":0,"menu_order":0,"comment_status":"closed","ping_status":"closed","template":"","meta":{"footnotes":""},"class_list":["post-169","page","type-page","status-publish","hentry"],"_links":{"self":[{"href":"https:\/\/sarkdent.com\/index.php?rest_route=\/wp\/v2\/pages\/169","targetHints":{"allow":["GET"]}}],"collection":[{"href":"https:\/\/sarkdent.com\/index.php?rest_route=\/wp\/v2\/pages"}],"about":[{"href":"https:\/\/sarkdent.com\/index.php?rest_route=\/wp\/v2\/types\/page"}],"author":[{"embeddable":true,"href":"https:\/\/sarkdent.com\/index.php?rest_route=\/wp\/v2\/users\/1"}],"replies":[{"embeddable":true,"href":"https:\/\/sarkdent.com\/index.php?rest_route=%2Fwp%2Fv2%2Fcomments&post=169"}],"version-history":[{"count":2,"href":"https:\/\/sarkdent.com\/index.php?rest_route=\/wp\/v2\/pages\/169\/revisions"}],"predecessor-version":[{"id":209,"href":"https:\/\/sarkdent.com\/index.php?rest_route=\/wp\/v2\/pages\/169\/revisions\/209"}],"wp:attachment":[{"href":"https:\/\/sarkdent.com\/index.php?rest_route=%2Fwp%2Fv2%2Fmedia&parent=169"}],"curies":[{"name":"wp","href":"https:\/\/api.w.org\/{rel}","templated":true}]}}