{"id":14,"date":"2024-07-27T14:30:16","date_gmt":"2024-07-27T14:30:16","guid":{"rendered":"https:\/\/sarkdent.com\/?page_id=14"},"modified":"2024-07-29T15:18:29","modified_gmt":"2024-07-29T15:18:29","slug":"iletisim","status":"publish","type":"page","link":"https:\/\/sarkdent.com\/?page_id=14","title":{"rendered":"\u0130leti\u015fim"},"content":{"rendered":"\n<figure class=\"wp-block-image size-full is-resized\"><img loading=\"lazy\" decoding=\"async\" width=\"992\" height=\"283\" src=\"https:\/\/sarkdent.com\/wp-content\/uploads\/2024\/07\/cropped-sarkdentlogosiyahhh.png\" alt=\"\" class=\"wp-image-137\" style=\"width:329px;height:auto\" srcset=\"https:\/\/sarkdent.com\/wp-content\/uploads\/2024\/07\/cropped-sarkdentlogosiyahhh.png 992w, https:\/\/sarkdent.com\/wp-content\/uploads\/2024\/07\/cropped-sarkdentlogosiyahhh-300x86.png 300w, https:\/\/sarkdent.com\/wp-content\/uploads\/2024\/07\/cropped-sarkdentlogosiyahhh-768x219.png 768w\" sizes=\"auto, (max-width: 992px) 100vw, 992px\" \/><\/figure>\n\n\n\n<div class=\"wp-block-columns is-layout-flex wp-container-core-columns-is-layout-9d6595d7 wp-block-columns-is-layout-flex\">\n<div class=\"wp-block-column is-layout-flow wp-block-column-is-layout-flow\">\n<iframe src=\"https:\/\/www.google.com\/maps\/embed?pb=!1m18!1m12!1m3!1d3060.2698973451184!2d41.26256081040342!3d39.91297587140625!2m3!1f0!2f0!3f0!3m2!1i1024!2i768!4f13.1!3m3!1m2!1s0xaeca8ec59ceb5ffb%3A0x86de68c8b9887814!2zxZ5hcmtEZW50IEHEn8SxeiB2ZSBEacWfIFNhxJ9sxLHEn8SxIFBvbGlrbGluacSfaQ!5e0!3m2!1str!2str!4v1722265219287!5m2!1str!2str\" width=\"400\" height=\"300\" style=\"border:0;\" allowfullscreen=\"\" loading=\"lazy\" referrerpolicy=\"no-referrer-when-downgrade\"><\/iframe>\n<\/div>\n\n\n\n<div class=\"wp-block-column is-layout-flow wp-block-column-is-layout-flow\">\n<p><strong>Adres: \u00d6mer Nasuhi Bilmen Mah. \u015eehit Ercan Y\u0131lmaz Sokak No:1\/1 \u0130\u00e7 Kap\u0131 No:2<\/strong><\/p>\n\n\n\n<p>Yakutiye\/Erzurum<\/p>\n\n\n\n<p>0442 502 90 00<\/p>\n\n\n\n<p>0541 502 90 00<\/p>\n\n\n\n<p>info@sarkdent.com<\/p>\n<\/div>\n<\/div>\n\n\n\n<p><\/p>\n","protected":false},"excerpt":{"rendered":"<p>Adres: \u00d6mer Nasuhi Bilmen Mah. \u015eehit Ercan Y\u0131lmaz Sokak No:1\/1 \u0130\u00e7 Kap\u0131 No:2 Yakutiye\/Erzurum 0442 502 90 00 0541 502 90 00 info@sarkdent.com<\/p>\n","protected":false},"author":1,"featured_media":0,"parent":0,"menu_order":0,"comment_status":"closed","ping_status":"closed","template":"","meta":{"footnotes":""},"class_list":["post-14","page","type-page","status-publish","hentry"],"_links":{"self":[{"href":"https:\/\/sarkdent.com\/index.php?rest_route=\/wp\/v2\/pages\/14","targetHints":{"allow":["GET"]}}],"collection":[{"href":"https:\/\/sarkdent.com\/index.php?rest_route=\/wp\/v2\/pages"}],"about":[{"href":"https:\/\/sarkdent.com\/index.php?rest_route=\/wp\/v2\/types\/page"}],"author":[{"embeddable":true,"href":"https:\/\/sarkdent.com\/index.php?rest_route=\/wp\/v2\/users\/1"}],"replies":[{"embeddable":true,"href":"https:\/\/sarkdent.com\/index.php?rest_route=%2Fwp%2Fv2%2Fcomments&post=14"}],"version-history":[{"count":7,"href":"https:\/\/sarkdent.com\/index.php?rest_route=\/wp\/v2\/pages\/14\/revisions"}],"predecessor-version":[{"id":143,"href":"https:\/\/sarkdent.com\/index.php?rest_route=\/wp\/v2\/pages\/14\/revisions\/143"}],"wp:attachment":[{"href":"https:\/\/sarkdent.com\/index.php?rest_route=%2Fwp%2Fv2%2Fmedia&parent=14"}],"curies":[{"name":"wp","href":"https:\/\/api.w.org\/{rel}","templated":true}]}}