{"id":120,"date":"2024-07-29T14:41:11","date_gmt":"2024-07-29T14:41:11","guid":{"rendered":"https:\/\/sarkdent.com\/?page_id=120"},"modified":"2024-08-19T08:48:47","modified_gmt":"2024-08-19T08:48:47","slug":"dt-enes-beyazbulut","status":"publish","type":"page","link":"https:\/\/sarkdent.com\/?page_id=120","title":{"rendered":"Dt Enes Beyazbulut"},"content":{"rendered":"\n<div class=\"wp-block-media-text is-stacked-on-mobile\"><figure class=\"wp-block-media-text__media\"><img loading=\"lazy\" decoding=\"async\" width=\"576\" height=\"1024\" src=\"https:\/\/sarkdent.com\/wp-content\/uploads\/2024\/08\/DtEnesBeyazbulut-576x1024.jpg\" alt=\"\" class=\"wp-image-275 size-full\" srcset=\"https:\/\/sarkdent.com\/wp-content\/uploads\/2024\/08\/DtEnesBeyazbulut-576x1024.jpg 576w, https:\/\/sarkdent.com\/wp-content\/uploads\/2024\/08\/DtEnesBeyazbulut-169x300.jpg 169w, https:\/\/sarkdent.com\/wp-content\/uploads\/2024\/08\/DtEnesBeyazbulut-768x1365.jpg 768w, https:\/\/sarkdent.com\/wp-content\/uploads\/2024\/08\/DtEnesBeyazbulut-864x1536.jpg 864w, https:\/\/sarkdent.com\/wp-content\/uploads\/2024\/08\/DtEnesBeyazbulut-1152x2048.jpg 1152w, https:\/\/sarkdent.com\/wp-content\/uploads\/2024\/08\/DtEnesBeyazbulut-scaled.jpg 1440w\" sizes=\"auto, (max-width: 576px) 100vw, 576px\" \/><\/figure><div class=\"wp-block-media-text__content\">\n<p class=\"has-large-font-size\"><strong>Di\u015f Hekimi<\/strong><\/p>\n\n\n\n<p><strong>Dt Enes Beyazbulut<\/strong><\/p>\n\n\n\n<p class=\"has-medium-font-size\">Atat\u00fcrk \u00dcniversitesi Di\u015f Hekimli\u011fi Fak\u00fcltesinden 2023 y\u0131l\u0131nda mezun olmu\u015ftur. <\/p>\n\n\n\n<p class=\"has-medium-font-size\">\u015earkDent A\u011f\u0131z ve Di\u015f Sa\u011fl\u0131\u011f\u0131 Poliklini\u011finde siz de\u011ferli misafirlerimize hizmet vermektedir.<\/p>\n<\/div><\/div>\n","protected":false},"excerpt":{"rendered":"<p>Di\u015f Hekimi Dt Enes Beyazbulut Atat\u00fcrk \u00dcniversitesi Di\u015f Hekimli\u011fi Fak\u00fcltesinden 2023 y\u0131l\u0131nda mezun olmu\u015ftur. \u015earkDent A\u011f\u0131z ve Di\u015f Sa\u011fl\u0131\u011f\u0131 Poliklini\u011finde siz de\u011ferli misafirlerimize hizmet vermektedir.<\/p>\n","protected":false},"author":1,"featured_media":0,"parent":12,"menu_order":0,"comment_status":"closed","ping_status":"closed","template":"","meta":{"footnotes":""},"class_list":["post-120","page","type-page","status-publish","hentry"],"_links":{"self":[{"href":"https:\/\/sarkdent.com\/index.php?rest_route=\/wp\/v2\/pages\/120","targetHints":{"allow":["GET"]}}],"collection":[{"href":"https:\/\/sarkdent.com\/index.php?rest_route=\/wp\/v2\/pages"}],"about":[{"href":"https:\/\/sarkdent.com\/index.php?rest_route=\/wp\/v2\/types\/page"}],"author":[{"embeddable":true,"href":"https:\/\/sarkdent.com\/index.php?rest_route=\/wp\/v2\/users\/1"}],"replies":[{"embeddable":true,"href":"https:\/\/sarkdent.com\/index.php?rest_route=%2Fwp%2Fv2%2Fcomments&post=120"}],"version-history":[{"count":3,"href":"https:\/\/sarkdent.com\/index.php?rest_route=\/wp\/v2\/pages\/120\/revisions"}],"predecessor-version":[{"id":291,"href":"https:\/\/sarkdent.com\/index.php?rest_route=\/wp\/v2\/pages\/120\/revisions\/291"}],"up":[{"embeddable":true,"href":"https:\/\/sarkdent.com\/index.php?rest_route=\/wp\/v2\/pages\/12"}],"wp:attachment":[{"href":"https:\/\/sarkdent.com\/index.php?rest_route=%2Fwp%2Fv2%2Fmedia&parent=120"}],"curies":[{"name":"wp","href":"https:\/\/api.w.org\/{rel}","templated":true}]}}