{"id":118,"date":"2024-07-29T14:38:39","date_gmt":"2024-07-29T14:38:39","guid":{"rendered":"https:\/\/sarkdent.com\/?page_id=118"},"modified":"2024-08-19T08:48:03","modified_gmt":"2024-08-19T08:48:03","slug":"dr-dt-mehmet-ridvan-demir","status":"publish","type":"page","link":"https:\/\/sarkdent.com\/?page_id=118","title":{"rendered":"Dr. Dt. Mehmet R\u0131dvan Demir"},"content":{"rendered":"\n<div class=\"wp-block-media-text is-stacked-on-mobile\"><figure class=\"wp-block-media-text__media\"><img loading=\"lazy\" decoding=\"async\" width=\"576\" height=\"1024\" src=\"https:\/\/sarkdent.com\/wp-content\/uploads\/2024\/08\/DrRidvanDemir-576x1024.jpg\" alt=\"\" class=\"wp-image-274 size-full\" srcset=\"https:\/\/sarkdent.com\/wp-content\/uploads\/2024\/08\/DrRidvanDemir-576x1024.jpg 576w, https:\/\/sarkdent.com\/wp-content\/uploads\/2024\/08\/DrRidvanDemir-169x300.jpg 169w, https:\/\/sarkdent.com\/wp-content\/uploads\/2024\/08\/DrRidvanDemir-768x1365.jpg 768w, https:\/\/sarkdent.com\/wp-content\/uploads\/2024\/08\/DrRidvanDemir-864x1536.jpg 864w, https:\/\/sarkdent.com\/wp-content\/uploads\/2024\/08\/DrRidvanDemir-1152x2048.jpg 1152w, https:\/\/sarkdent.com\/wp-content\/uploads\/2024\/08\/DrRidvanDemir-scaled.jpg 1440w\" sizes=\"auto, (max-width: 576px) 100vw, 576px\" \/><\/figure><div class=\"wp-block-media-text__content\">\n<p class=\"has-large-font-size\"><strong>Ortodonti Uzman\u0131<\/strong><\/p>\n\n\n\n<p><strong>Dr. Dt. Mehmet R\u0131dvan Demir<\/strong><\/p>\n\n\n\n<p class=\"has-medium-font-size\">Atat\u00fcrk \u00dcniversitesi Di\u015f Hekimli\u011fi Fak\u00fcltesinden 2017 y\u0131l\u0131nda mezun olmu\u015ftur. Ortodonti Doktoras\u0131n\u0131 Atat\u00fcrk \u00fcniversitesinde yapm\u0131\u015f ve 2023 y\u0131l\u0131nda ba\u015far\u0131 ile tamamlam\u0131\u015ft\u0131r.<\/p>\n\n\n\n<p class=\"has-medium-font-size\">Tecr\u00fcbeli hekimimiz di\u015f teli ve \u015feffaf plak (invisalign) tedavilerini klini\u011fimizde uygulamaktad\u0131r.<\/p>\n<\/div><\/div>\n\n\n\n<p class=\"has-small-font-size\">Erzurum \u015feffaf plak (invisalign) uzman\u0131 Dr. Dt. Mehmet R\u0131dvan Demir<\/p>\n\n\n\n<p class=\"has-small-font-size\">Erzurum ortodonti (di\u015f teli) uzman\u0131 Dr. Dt. Mehmet R\u0131dvan Demir<\/p>\n","protected":false},"excerpt":{"rendered":"<p>Ortodonti Uzman\u0131 Dr. Dt. Mehmet R\u0131dvan Demir Atat\u00fcrk \u00dcniversitesi Di\u015f Hekimli\u011fi Fak\u00fcltesinden 2017 y\u0131l\u0131nda mezun olmu\u015ftur. Ortodonti Doktoras\u0131n\u0131 Atat\u00fcrk \u00fcniversitesinde yapm\u0131\u015f ve 2023 y\u0131l\u0131nda ba\u015far\u0131 ile tamamlam\u0131\u015ft\u0131r. Tecr\u00fcbeli hekimimiz di\u015f teli ve \u015feffaf plak (invisalign) tedavilerini klini\u011fimizde uygulamaktad\u0131r. Erzurum \u015feffaf plak (invisalign) uzman\u0131 Dr. Dt. Mehmet R\u0131dvan Demir Erzurum ortodonti (di\u015f teli) uzman\u0131 Dr. Dt. [&hellip;]<\/p>\n","protected":false},"author":1,"featured_media":0,"parent":12,"menu_order":0,"comment_status":"closed","ping_status":"closed","template":"","meta":{"footnotes":""},"class_list":["post-118","page","type-page","status-publish","hentry"],"_links":{"self":[{"href":"https:\/\/sarkdent.com\/index.php?rest_route=\/wp\/v2\/pages\/118","targetHints":{"allow":["GET"]}}],"collection":[{"href":"https:\/\/sarkdent.com\/index.php?rest_route=\/wp\/v2\/pages"}],"about":[{"href":"https:\/\/sarkdent.com\/index.php?rest_route=\/wp\/v2\/types\/page"}],"author":[{"embeddable":true,"href":"https:\/\/sarkdent.com\/index.php?rest_route=\/wp\/v2\/users\/1"}],"replies":[{"embeddable":true,"href":"https:\/\/sarkdent.com\/index.php?rest_route=%2Fwp%2Fv2%2Fcomments&post=118"}],"version-history":[{"count":5,"href":"https:\/\/sarkdent.com\/index.php?rest_route=\/wp\/v2\/pages\/118\/revisions"}],"predecessor-version":[{"id":289,"href":"https:\/\/sarkdent.com\/index.php?rest_route=\/wp\/v2\/pages\/118\/revisions\/289"}],"up":[{"embeddable":true,"href":"https:\/\/sarkdent.com\/index.php?rest_route=\/wp\/v2\/pages\/12"}],"wp:attachment":[{"href":"https:\/\/sarkdent.com\/index.php?rest_route=%2Fwp%2Fv2%2Fmedia&parent=118"}],"curies":[{"name":"wp","href":"https:\/\/api.w.org\/{rel}","templated":true}]}}