{"id":111,"date":"2024-07-29T14:21:25","date_gmt":"2024-07-29T14:21:25","guid":{"rendered":"https:\/\/sarkdent.com\/?page_id=111"},"modified":"2024-08-19T08:48:26","modified_gmt":"2024-08-19T08:48:26","slug":"dt-eda-gulek","status":"publish","type":"page","link":"https:\/\/sarkdent.com\/?page_id=111","title":{"rendered":"Dt Eda G\u00fclek"},"content":{"rendered":"\n<div class=\"wp-block-media-text is-stacked-on-mobile\"><figure class=\"wp-block-media-text__media\"><img loading=\"lazy\" decoding=\"async\" width=\"714\" height=\"1024\" src=\"https:\/\/sarkdent.com\/wp-content\/uploads\/2024\/07\/IMG_3617-714x1024.jpg\" alt=\"\" class=\"wp-image-105 size-full\" srcset=\"https:\/\/sarkdent.com\/wp-content\/uploads\/2024\/07\/IMG_3617-714x1024.jpg 714w, https:\/\/sarkdent.com\/wp-content\/uploads\/2024\/07\/IMG_3617-209x300.jpg 209w, https:\/\/sarkdent.com\/wp-content\/uploads\/2024\/07\/IMG_3617-768x1102.jpg 768w, https:\/\/sarkdent.com\/wp-content\/uploads\/2024\/07\/IMG_3617.jpg 828w\" sizes=\"auto, (max-width: 714px) 100vw, 714px\" \/><\/figure><div class=\"wp-block-media-text__content\">\n<p class=\"has-large-font-size\"><strong>Di\u015f Hekimi<\/strong><\/p>\n\n\n\n<p><strong>Dt Eda G\u00fclek<\/strong><\/p>\n\n\n\n<p class=\"has-medium-font-size\">Atat\u00fcrk \u00dcniversitesi Di\u015f Hekimli\u011fi Fak\u00fcltesinden 2021 y\u0131l\u0131nda mezun olmu\u015ftur. Yine Atat\u00fcrk \u00dcniversitesi Di\u015f Hekimli\u011fi Fak\u00fcltesi Protez B\u00f6l\u00fcm\u00fcnde uzmanl\u0131k e\u011fitimi devam etmektedir.<\/p>\n\n\n\n<p class=\"has-medium-font-size\">\u015earkDent A\u011f\u0131z ve Di\u015f Sa\u011fl\u0131\u011f\u0131 Poliklini\u011fi kurucular\u0131ndan olan hocam\u0131z siz de\u011ferli misafirlerimize klini\u011fimizde hizmet vermektedir.<\/p>\n<\/div><\/div>\n\n\n\n<p class=\"has-small-font-size\">Erzurum protez uzman\u0131 Dt. Eda G\u00fclek<\/p>\n\n\n\n<p class=\"has-small-font-size\">Erzurum g\u00fcl\u00fc\u015f tasar\u0131m\u0131 uzman\u0131 Dt. Eda G\u00fclek<\/p>\n","protected":false},"excerpt":{"rendered":"<p>Di\u015f Hekimi Dt Eda G\u00fclek Atat\u00fcrk \u00dcniversitesi Di\u015f Hekimli\u011fi Fak\u00fcltesinden 2021 y\u0131l\u0131nda mezun olmu\u015ftur. Yine Atat\u00fcrk \u00dcniversitesi Di\u015f Hekimli\u011fi Fak\u00fcltesi Protez B\u00f6l\u00fcm\u00fcnde uzmanl\u0131k e\u011fitimi devam etmektedir. \u015earkDent A\u011f\u0131z ve Di\u015f Sa\u011fl\u0131\u011f\u0131 Poliklini\u011fi kurucular\u0131ndan olan hocam\u0131z siz de\u011ferli misafirlerimize klini\u011fimizde hizmet vermektedir. Erzurum protez uzman\u0131 Dt. Eda G\u00fclek Erzurum g\u00fcl\u00fc\u015f tasar\u0131m\u0131 uzman\u0131 Dt. Eda G\u00fclek<\/p>\n","protected":false},"author":1,"featured_media":0,"parent":12,"menu_order":0,"comment_status":"closed","ping_status":"closed","template":"","meta":{"footnotes":""},"class_list":["post-111","page","type-page","status-publish","hentry"],"_links":{"self":[{"href":"https:\/\/sarkdent.com\/index.php?rest_route=\/wp\/v2\/pages\/111","targetHints":{"allow":["GET"]}}],"collection":[{"href":"https:\/\/sarkdent.com\/index.php?rest_route=\/wp\/v2\/pages"}],"about":[{"href":"https:\/\/sarkdent.com\/index.php?rest_route=\/wp\/v2\/types\/page"}],"author":[{"embeddable":true,"href":"https:\/\/sarkdent.com\/index.php?rest_route=\/wp\/v2\/users\/1"}],"replies":[{"embeddable":true,"href":"https:\/\/sarkdent.com\/index.php?rest_route=%2Fwp%2Fv2%2Fcomments&post=111"}],"version-history":[{"count":5,"href":"https:\/\/sarkdent.com\/index.php?rest_route=\/wp\/v2\/pages\/111\/revisions"}],"predecessor-version":[{"id":290,"href":"https:\/\/sarkdent.com\/index.php?rest_route=\/wp\/v2\/pages\/111\/revisions\/290"}],"up":[{"embeddable":true,"href":"https:\/\/sarkdent.com\/index.php?rest_route=\/wp\/v2\/pages\/12"}],"wp:attachment":[{"href":"https:\/\/sarkdent.com\/index.php?rest_route=%2Fwp%2Fv2%2Fmedia&parent=111"}],"curies":[{"name":"wp","href":"https:\/\/api.w.org\/{rel}","templated":true}]}}