{"id":10,"date":"2024-07-27T14:29:40","date_gmt":"2024-07-27T14:29:40","guid":{"rendered":"https:\/\/sarkdent.com\/?page_id=10"},"modified":"2024-07-29T16:00:46","modified_gmt":"2024-07-29T16:00:46","slug":"hizmetlerimiz","status":"publish","type":"page","link":"https:\/\/sarkdent.com\/?page_id=10","title":{"rendered":"Hizmetlerimiz"},"content":{"rendered":"\n<p><\/p>\n\n\n\n<div class=\"wp-block-columns is-layout-flex wp-container-core-columns-is-layout-9d6595d7 wp-block-columns-is-layout-flex\">\n<div class=\"wp-block-column is-layout-flow wp-block-column-is-layout-flow\">\n<div class=\"wp-block-cover is-light\" style=\"min-height:430px;aspect-ratio:unset;\"><span aria-hidden=\"true\" class=\"wp-block-cover__background has-background-dim\" style=\"background-color:#e5c0c5\"><\/span><img loading=\"lazy\" decoding=\"async\" width=\"900\" height=\"525\" class=\"wp-block-cover__image-background wp-image-151\" alt=\"\" src=\"https:\/\/sarkdent.com\/wp-content\/uploads\/2024\/07\/implant-tedavisi-nasil-yapilir.jpg\" style=\"object-position:42% 52%\" data-object-fit=\"cover\" data-object-position=\"42% 52%\" srcset=\"https:\/\/sarkdent.com\/wp-content\/uploads\/2024\/07\/implant-tedavisi-nasil-yapilir.jpg 900w, https:\/\/sarkdent.com\/wp-content\/uploads\/2024\/07\/implant-tedavisi-nasil-yapilir-300x175.jpg 300w, https:\/\/sarkdent.com\/wp-content\/uploads\/2024\/07\/implant-tedavisi-nasil-yapilir-768x448.jpg 768w\" sizes=\"auto, (max-width: 900px) 100vw, 900px\" \/><div class=\"wp-block-cover__inner-container is-layout-constrained wp-block-cover-is-layout-constrained\">\n<p class=\"has-text-align-center has-white-color has-text-color has-link-color has-large-font-size wp-elements-506406b71e78b9ed85be7bb403cc2f69\"><a href=\"https:\/\/sarkdent.com\/?page_id=28\"><strong>\u0130mplant<\/strong><\/a><\/p>\n<\/div><\/div>\n<\/div>\n\n\n\n<div class=\"wp-block-column is-layout-flow wp-block-column-is-layout-flow\">\n<div class=\"wp-block-cover is-light\"><span aria-hidden=\"true\" class=\"wp-block-cover__background has-background-dim\" style=\"background-color:#c8a698\"><\/span><img loading=\"lazy\" decoding=\"async\" width=\"1200\" height=\"700\" class=\"wp-block-cover__image-background wp-image-152\" alt=\"\" src=\"https:\/\/sarkdent.com\/wp-content\/uploads\/2024\/07\/seffaf-plak-invisaling-tedavisi.jpg\" style=\"object-position:52% 41%\" data-object-fit=\"cover\" data-object-position=\"52% 41%\" srcset=\"https:\/\/sarkdent.com\/wp-content\/uploads\/2024\/07\/seffaf-plak-invisaling-tedavisi.jpg 1200w, https:\/\/sarkdent.com\/wp-content\/uploads\/2024\/07\/seffaf-plak-invisaling-tedavisi-300x175.jpg 300w, https:\/\/sarkdent.com\/wp-content\/uploads\/2024\/07\/seffaf-plak-invisaling-tedavisi-1024x597.jpg 1024w, https:\/\/sarkdent.com\/wp-content\/uploads\/2024\/07\/seffaf-plak-invisaling-tedavisi-768x448.jpg 768w\" sizes=\"auto, (max-width: 1200px) 100vw, 1200px\" \/><div class=\"wp-block-cover__inner-container is-layout-constrained wp-block-cover-is-layout-constrained\">\n<p class=\"has-text-align-center has-white-color has-text-color has-link-color has-large-font-size wp-elements-11d3896769330a667f88575173c8f737\"><strong><a href=\"https:\/\/sarkdent.com\/?page_id=169\">\u015eeffaf Plak (\u0130nvisalign)<\/a><\/strong><\/p>\n<\/div><\/div>\n<\/div>\n\n\n\n<div class=\"wp-block-column is-layout-flow wp-block-column-is-layout-flow\">\n<div class=\"wp-block-cover is-light\"><span aria-hidden=\"true\" class=\"wp-block-cover__background has-background-dim\" style=\"background-color:#c6978d\"><\/span><img loading=\"lazy\" decoding=\"async\" width=\"512\" height=\"341\" class=\"wp-block-cover__image-background wp-image-153\" alt=\"\" src=\"https:\/\/sarkdent.com\/wp-content\/uploads\/2024\/07\/ortodonti-tedavisi-nasil-yapilir.jpg\" style=\"object-position:50% 53%\" data-object-fit=\"cover\" data-object-position=\"50% 53%\" srcset=\"https:\/\/sarkdent.com\/wp-content\/uploads\/2024\/07\/ortodonti-tedavisi-nasil-yapilir.jpg 512w, https:\/\/sarkdent.com\/wp-content\/uploads\/2024\/07\/ortodonti-tedavisi-nasil-yapilir-300x200.jpg 300w\" sizes=\"auto, (max-width: 512px) 100vw, 512px\" \/><div class=\"wp-block-cover__inner-container is-layout-constrained wp-block-cover-is-layout-constrained\">\n<p class=\"has-text-align-center has-white-color has-text-color has-link-color has-large-font-size wp-elements-c129fc65b1d2efaf5c4298440779c7b7\"><strong><a href=\"https:\/\/sarkdent.com\/?page_id=172\">Ortodonti<\/a><\/strong><\/p>\n<\/div><\/div>\n<\/div>\n<\/div>\n\n\n\n<div class=\"wp-block-columns is-layout-flex wp-container-core-columns-is-layout-9d6595d7 wp-block-columns-is-layout-flex\">\n<div class=\"wp-block-column is-layout-flow wp-block-column-is-layout-flow\">\n<p><\/p>\n<\/div>\n\n\n\n<div class=\"wp-block-column is-layout-flow wp-block-column-is-layout-flow\"><\/div>\n\n\n\n<div class=\"wp-block-column is-layout-flow wp-block-column-is-layout-flow\"><\/div>\n<\/div>\n\n\n\n<div class=\"wp-block-columns is-layout-flex wp-container-core-columns-is-layout-9d6595d7 wp-block-columns-is-layout-flex\">\n<div class=\"wp-block-column is-layout-flow wp-block-column-is-layout-flow\">\n<div class=\"wp-block-cover is-light\"><span aria-hidden=\"true\" class=\"wp-block-cover__background has-background-dim\" style=\"background-color:#e8ac94\"><\/span><img loading=\"lazy\" decoding=\"async\" width=\"1280\" height=\"720\" class=\"wp-block-cover__image-background wp-image-156\" alt=\"\" src=\"https:\/\/sarkdent.com\/wp-content\/uploads\/2024\/07\/estetik-gulus-tasarimi.jpg\" style=\"object-position:46% 55%\" data-object-fit=\"cover\" data-object-position=\"46% 55%\" srcset=\"https:\/\/sarkdent.com\/wp-content\/uploads\/2024\/07\/estetik-gulus-tasarimi.jpg 1280w, https:\/\/sarkdent.com\/wp-content\/uploads\/2024\/07\/estetik-gulus-tasarimi-300x169.jpg 300w, https:\/\/sarkdent.com\/wp-content\/uploads\/2024\/07\/estetik-gulus-tasarimi-1024x576.jpg 1024w, https:\/\/sarkdent.com\/wp-content\/uploads\/2024\/07\/estetik-gulus-tasarimi-768x432.jpg 768w\" sizes=\"auto, (max-width: 1280px) 100vw, 1280px\" \/><div class=\"wp-block-cover__inner-container is-layout-constrained wp-block-cover-is-layout-constrained\">\n<p class=\"has-text-align-center has-white-color has-text-color has-link-color has-large-font-size wp-elements-6a1eb2dfff825cf920bfdb6ee6f5eb00\"><strong><a href=\"https:\/\/sarkdent.com\/?page_id=176\">Estetik G\u00fcl\u00fc\u015f Tasar\u0131m\u0131<\/a><\/strong><\/p>\n<\/div><\/div>\n<\/div>\n\n\n\n<div class=\"wp-block-column is-layout-flow wp-block-column-is-layout-flow\">\n<div class=\"wp-block-cover is-light\"><span aria-hidden=\"true\" class=\"wp-block-cover__background has-background-dim\" style=\"background-color:#c0b8b3\"><\/span><img loading=\"lazy\" decoding=\"async\" width=\"1024\" height=\"683\" class=\"wp-block-cover__image-background wp-image-157\" alt=\"\" src=\"https:\/\/sarkdent.com\/wp-content\/uploads\/2024\/07\/dis-beyazlatma-bleaching-islemi.jpg\" style=\"object-position:69% 38%\" data-object-fit=\"cover\" data-object-position=\"69% 38%\" srcset=\"https:\/\/sarkdent.com\/wp-content\/uploads\/2024\/07\/dis-beyazlatma-bleaching-islemi.jpg 1024w, https:\/\/sarkdent.com\/wp-content\/uploads\/2024\/07\/dis-beyazlatma-bleaching-islemi-300x200.jpg 300w, https:\/\/sarkdent.com\/wp-content\/uploads\/2024\/07\/dis-beyazlatma-bleaching-islemi-768x512.jpg 768w\" sizes=\"auto, (max-width: 1024px) 100vw, 1024px\" \/><div class=\"wp-block-cover__inner-container is-layout-constrained wp-block-cover-is-layout-constrained\">\n<p class=\"has-text-align-center has-white-color has-text-color has-link-color has-large-font-size wp-elements-2780b5194d6f15872ebbc94f2744a3cf\"><strong><a href=\"https:\/\/sarkdent.com\/?page_id=182\">Beyazlatma (Bleaching)<\/a><\/strong><\/p>\n<\/div><\/div>\n<\/div>\n\n\n\n<div class=\"wp-block-column is-layout-flow wp-block-column-is-layout-flow\">\n<div class=\"wp-block-cover is-light\"><span aria-hidden=\"true\" class=\"wp-block-cover__background has-background-dim\" style=\"background-color:#c1b7b4\"><\/span><img loading=\"lazy\" decoding=\"async\" width=\"900\" height=\"525\" class=\"wp-block-cover__image-background wp-image-158\" alt=\"\" src=\"https:\/\/sarkdent.com\/wp-content\/uploads\/2024\/07\/kanal-tedavisi-nasil-yapilir.jpg\" style=\"object-position:48% 51%\" data-object-fit=\"cover\" data-object-position=\"48% 51%\" srcset=\"https:\/\/sarkdent.com\/wp-content\/uploads\/2024\/07\/kanal-tedavisi-nasil-yapilir.jpg 900w, https:\/\/sarkdent.com\/wp-content\/uploads\/2024\/07\/kanal-tedavisi-nasil-yapilir-300x175.jpg 300w, https:\/\/sarkdent.com\/wp-content\/uploads\/2024\/07\/kanal-tedavisi-nasil-yapilir-768x448.jpg 768w\" sizes=\"auto, (max-width: 900px) 100vw, 900px\" \/><div class=\"wp-block-cover__inner-container is-layout-constrained wp-block-cover-is-layout-constrained\">\n<p class=\"has-text-align-center has-white-color has-text-color has-link-color has-large-font-size wp-elements-88d851909ddd820777aa1525d6e66d16\"><strong><a href=\"https:\/\/sarkdent.com\/?page_id=179\">Kanal Tedavisi<\/a><\/strong><\/p>\n<\/div><\/div>\n<\/div>\n<\/div>\n\n\n\n<div class=\"wp-block-columns is-layout-flex wp-container-core-columns-is-layout-9d6595d7 wp-block-columns-is-layout-flex\">\n<div class=\"wp-block-column is-layout-flow wp-block-column-is-layout-flow\"><\/div>\n\n\n\n<div class=\"wp-block-column is-layout-flow wp-block-column-is-layout-flow\"><\/div>\n\n\n\n<div class=\"wp-block-column is-layout-flow wp-block-column-is-layout-flow\"><\/div>\n<\/div>\n","protected":false},"excerpt":{"rendered":"","protected":false},"author":1,"featured_media":0,"parent":0,"menu_order":0,"comment_status":"closed","ping_status":"closed","template":"","meta":{"footnotes":""},"class_list":["post-10","page","type-page","status-publish","hentry"],"_links":{"self":[{"href":"https:\/\/sarkdent.com\/index.php?rest_route=\/wp\/v2\/pages\/10","targetHints":{"allow":["GET"]}}],"collection":[{"href":"https:\/\/sarkdent.com\/index.php?rest_route=\/wp\/v2\/pages"}],"about":[{"href":"https:\/\/sarkdent.com\/index.php?rest_route=\/wp\/v2\/types\/page"}],"author":[{"embeddable":true,"href":"https:\/\/sarkdent.com\/index.php?rest_route=\/wp\/v2\/users\/1"}],"replies":[{"embeddable":true,"href":"https:\/\/sarkdent.com\/index.php?rest_route=%2Fwp%2Fv2%2Fcomments&post=10"}],"version-history":[{"count":14,"href":"https:\/\/sarkdent.com\/index.php?rest_route=\/wp\/v2\/pages\/10\/revisions"}],"predecessor-version":[{"id":184,"href":"https:\/\/sarkdent.com\/index.php?rest_route=\/wp\/v2\/pages\/10\/revisions\/184"}],"wp:attachment":[{"href":"https:\/\/sarkdent.com\/index.php?rest_route=%2Fwp%2Fv2%2Fmedia&parent=10"}],"curies":[{"name":"wp","href":"https:\/\/api.w.org\/{rel}","templated":true}]}}